{"id":1612,"date":"2025-10-14T07:46:03","date_gmt":"2025-10-14T07:46:03","guid":{"rendered":"https:\/\/www.barrufetseafood.com\/privacy-policy\/"},"modified":"2026-02-26T10:42:54","modified_gmt":"2026-02-26T10:42:54","slug":"privacy-policy","status":"publish","type":"page","link":"https:\/\/www.barrufetseafood.com\/ca\/privacy-policy\/","title":{"rendered":"Privacitat"},"content":{"rendered":"\n<h2 class=\"wp-block-heading\">Pol\u00edtica de privacitat de Barrufet Seafood<\/h2>\n\n\n\n<p>BARRUFET\u00a0SEAFOOD\u00a0es compromet a fer els seus m\u00e0xims esfor\u00e7os per a complir en tot moment en relaci\u00f3 amb els tractaments de dades que realitzi, amb la legislaci\u00f3 vigent a cada moment en mat\u00e8ria de protecci\u00f3 de dades, actualment el Reglament General de Protecci\u00f3 de Dades (UE) N\u00fam. 679\/2016 i a la\u00a0LOPDGDD\u00a03\/2018 de 5 de desembre.<br>A continuaci\u00f3,\u00a0BARRUFET\u00a0SEAFOOD\u00a0informa els USUARIS d&#8217;aquesta sobre els termes i condicions en els quals\u00a0BARRUFET\u00a0SEAFOOD\u00a0tractar\u00e0 les seves dades de car\u00e0cter personal.<\/p>\n\n\n\n<h2 class=\"wp-block-heading\">Responsable del tractament de les dades<\/h2>\n\n\n\n<p>BARRUFET SEAFOOD, S.L.\u00a0<br>CIF: B-65.728.651<br>Direcci\u00f3 postal: Longitudinal 8, 101 MERCABARNA, 08040 BARCELONA<br>Tel\u00e8fon: 935 56 47 42<\/p>\n\n\n\n<h2 class=\"wp-block-heading\">Tractament de les dades dels clients i prove\u00efdors<\/h2>\n\n\n\n<p>Finalitat del Tractament de les dades dels clients:\u00a0Gestionar la relaci\u00f3 comercial existent i dur a terme les gestions comptable fiscal i administratives de l&#8217;empresa.<br>Legitimaci\u00f3 per al tractament:\u00a0La base legal per al tractament de les dades dels clients i prove\u00efdors \u00e9s l&#8217;exist\u00e8ncia i l&#8217;execuci\u00f3 de contractes de compravenda i\/o de prestaci\u00f3 de serveis.<br>Per\u00edode de conservaci\u00f3 de les dades:\u00a0Conservem les dades dels clients i prove\u00efdors mentre es duguin a terme accions i relacions comercials i durant els anys necessaris per a complir les nostres obligacions legals i\/o fiscals derivades d&#8217;aquestes relacions contractuals.<\/p>\n\n\n\n<h2 class=\"wp-block-heading\">Tractament de les dades dels usuaris que ens contactin a trav\u00e9s d&#8217;aquesta web<\/h2>\n\n\n\n<ol class=\"wp-block-list\">\n<li>Finalitat del Tractament de les dades dels usuaris que contacten amb nosaltres a trav\u00e9s d&#8217;aquesta web: Gestionar i atendre les sol\u00b7licituds d&#8217;informaci\u00f3 i\/o consultes que els usuaris de la web ens envien. Gestionar l&#8217;enviament de la informaci\u00f3 que ens sol\u00b7liciten sobre els serveis de\u00a0BARRUFET\u00a0SEAFOOD\u00a0dels quals ens hagin manifestat el seu inter\u00e8s. BARRUFET\u00a0SEAFOOD\u00a0no prendr\u00e0 decisions automatitzades sobre la base del seu perfil.<\/li>\n\n\n\n<li>Legitimaci\u00f3 per al tractament de les dades dels usuaris que ens contacten a trav\u00e9s de la web: Consentiment de l&#8217;interessat. La base legal per al tractament de les dades dels usuaris que ens contacten a trav\u00e9s de l&#8217;e-mail de contacte facilitat en aquest Portal web, \u00e9s l&#8217;obtenci\u00f3 del seu consentiment que ens ser\u00e0 prestat en cas i en el\u00a0moment en qu\u00e8 ens envi\u00ef un e-mail per a contactar-nos i sol\u00b7licitar-nos informaci\u00f3.<\/li>\n\n\n\n<li>Per\u00edode de conservaci\u00f3 de les dades dels usuaris que\u00a0ens contacten a trav\u00e9s de la web.\u2028\u2028Conservarem les dades dels usuaris que ens contacten a trav\u00e9s de la web, durant el termini m\u00e0xim de 2 anys a partir de l&#8217;\u00faltima confirmaci\u00f3 d&#8217;inter\u00e8s per la seva part sobre els nostres productes o serveis, en tant en quan pr\u00e8viament no ens sol\u00b7liciti la supressi\u00f3 de les seves dades.<\/li>\n<\/ol>\n\n\n\n<h2 class=\"wp-block-heading\">Tractament de les dades dels sol\u00b7licitants de feina candidats en processos de selecci\u00f3 d&#8217;ocupaci\u00f3<\/h2>\n\n\n\n<ol class=\"wp-block-list\">\n<li>Finalitat del Tractament de les dades dels sol\u00b7licitants d&#8217;ocupaci\u00f3-candidats:\u00a0\u2028\u2028BARRUFET\u00a0SEAFOOD\u00a0tractar\u00e0 les dades dels sol\u00b7licitants d&#8217;ocupaci\u00f3 amb la finalitat d&#8217;incorporar i gestionar les seves dades en la nostra base de dades de candidats per a poder contactar-li quan el seu perfil encaixi amb alguna vacant en els processos de selecci\u00f3 de personal que\u00a0BARRUFET\u00a0SEAFOOD\u00a0realitzi. BARRUFET\u00a0SEAFOOD\u00a0no prendr\u00e0 decisions automatitzades sobre la base del seu perfil.<\/li>\n\n\n\n<li>Legitimaci\u00f3 per al tractament de les dades dels sol\u00b7licitants d&#8217;ocupaci\u00f3-candidats: Consentiment de l&#8217;interessat. La base legal per al tractament de les dades dels sol\u00b7licitants d&#8217;ocupaci\u00f3-candidats en processos de selecci\u00f3 d&#8217;ocupaci\u00f3 \u00e9s l&#8217;obtenci\u00f3 del seu consentiment, mitjan\u00e7ant acci\u00f3 positiva, en el moment de fer-nos arribar el seu curr\u00edculum per qualsevol mitj\u00e0.<\/li>\n\n\n\n<li>Per\u00edode de conservaci\u00f3 de les dades dels sol\u00b7licitants d&#8217;ocupaci\u00f3-candidats:\u00a0\u2028\u2028BARRUFET\u00a0SEAFOOD\u00a0conservar\u00e0 les seves dades durant m\u00e0xim 5 anys llevat que amb anterioritat ens sol\u00b7licit\u00e9s la supressi\u00f3 de les seves dades.<\/li>\n<\/ol>\n\n\n\n<h2 class=\"wp-block-heading\">Tractament de les imatges de videovigil\u00e0ncia<\/h2>\n\n\n\n<p>BARRUFET\u00a0SEAFOOD\u00a0en les seves instal\u00b7lacions compta amb c\u00e0meres de Videovigil\u00e0ncia amb la finalitat de controlar l&#8217;acc\u00e9s a les instal\u00b7lacions de\u00a0BARRUFET\u00a0SEAFOOD i de dotar de seguretat a aquestes instal\u00b7lacions, aix\u00ed com garantir la seguretat de persones, b\u00e9ns i instal\u00b7lacions.<br>Els destinataris de les imatges de Videovigil\u00e0ncia s\u00f3n la direcci\u00f3 de la companyia i, si \u00e9s el cas, Forces i Cossos de Seguretat. Jutjats i Tribunals.\u00a0 \u00a0<br>El termini previst per a la supressi\u00f3 de les imatges de Videovigil\u00e0ncia \u00e9s d&#8217;UN MES, excepte comunicaci\u00f3 a Forces i Cossos de Seguretat o\/i Jutjats i Tribunals.<\/p>\n\n\n\n<h2 class=\"wp-block-heading\">Tractament de les dades del llibre de registre de visites<\/h2>\n\n\n\n<p>L&#8217;empresa disposa d&#8217;un llibre de registre de les persones que acudeixen a les instal\u00b7lacions de l&#8217;empresa per a reunir-se o entrevistar-se amb el personal i directius de l&#8217;empresa, amb finalitats de seguretat i control d&#8217;acc\u00e9s a les nostres instal\u00b7lacions.\u00a0<br>La base legal per al tractament\u00a0de les seves dades \u00e9s el seu consentiment en facilitar-nos les seves dades identificatives abans de mantenir la reuni\u00f3.\u00a0<br>Els destinataris de les seves dades s\u00f3n el personal i la direcci\u00f3 de l&#8217;empresa. No cedirem les seves dades a tercers, excepte obligaci\u00f3 legal.\u00a0<br>Conservarem les dades del llibre registre de visites durant 1 any, mentre no exerciti el dret a la cancel\u00b7laci\u00f3 de les seves dades.<\/p>\n\n\n\n<h2 class=\"wp-block-heading\">Per\u00edode general de conservaci\u00f3 de les dades<\/h2>\n\n\n\n<p>En general,\u00a0BARRUFET\u00a0SEAFOOD\u00a0conservar\u00e0 les seves dades personals que ens hagi proporcionat, mentre no ens sol\u00b7liciti la seva supressi\u00f3, excepte indicaci\u00f3 expressa en un altre sentit en els anteriors apartats.<\/p>\n\n\n\n<h2 class=\"wp-block-heading\">Destinataris als quals comunicarem les seves dades<\/h2>\n\n\n\n<p>Els destinataris de les seves dades seran el personal i la direcci\u00f3 de la companyia.\u00a0<br>Tamb\u00e9 podrien tenir acc\u00e9s a les seves dades les empreses que presten serveis a\u00a0BARRUFET\u00a0SEAFOOD\u00a0requereixen l&#8217;acc\u00e9s a dades personals, com l&#8217;empresa de desenvolupament i manteniment de la web, que nom\u00e9s accedir\u00e0 a les seves dades amb la finalitat de prestar els serveis que\u00a0BARRUFET\u00a0SEAFOOD\u00a0els tingui contractats. \u00a0<br>Les seves dades no se cediran a tercers, excepte quan existeixi una obligaci\u00f3 legal.<\/p>\n\n\n\n<h2 class=\"wp-block-heading\">Drets que l&#8217;assisteixen<\/h2>\n\n\n\n<p>Finalment, l&#8217;informem que, si ho desitja, pot exercir els drets que el RGPD 679\/2016 reconeix a les persones interessades a accedir a les seves dades, a rectificar les dades inexactes, a oposar-se al tractament de les seves dades en determinades circumst\u00e0ncies, a cancel\u00b7lar el tractament de les seves dades en determinades circumst\u00e0ncies, a sol\u00b7licitar la supressi\u00f3 de les seves dades quan, entre altres motius, aquests ja no siguin necessaris per a la finalitat per a la qual es van arreplegar, a l&#8217;oblit, a la limitaci\u00f3 del tractament i a la portabilitat de les dades, dirigint-se per escrit a\u00a0info@barrufetseafood.com\u00a0amb c\u00f2pia del seu DNI.<\/p>\n","protected":false},"excerpt":{"rendered":"<p>Pol\u00edtica de privacitat de Barrufet Seafood BARRUFET\u00a0SEAFOOD\u00a0es compromet a fer els seus m\u00e0xims esfor\u00e7os per a complir en tot moment en relaci\u00f3 amb els tractaments de dades que realitzi, amb la legislaci\u00f3 vigent a cada moment en mat\u00e8ria de protecci\u00f3 de dades, actualment el Reglament&#8230;<\/p>\n","protected":false},"author":1,"featured_media":0,"parent":0,"menu_order":0,"comment_status":"closed","ping_status":"open","template":"","meta":{"_acf_changed":false,"footnotes":""},"class_list":["post-1612","page","type-page","status-publish","hentry"],"acf":[],"yoast_head":"<!-- This site is optimized with the Yoast SEO plugin v27.6 - https:\/\/yoast.com\/product\/yoast-seo-wordpress\/ -->\n<title>Privacitat - Barrufet Seafood<\/title>\n<meta name=\"robots\" content=\"index, follow, max-snippet:-1, max-image-preview:large, max-video-preview:-1\" \/>\n<link rel=\"canonical\" href=\"https:\/\/www.barrufetseafood.com\/ca\/privacy-policy\/\" \/>\n<meta property=\"og:locale\" content=\"ca_ES\" \/>\n<meta property=\"og:type\" content=\"article\" \/>\n<meta property=\"og:title\" content=\"Privacitat - Barrufet Seafood\" \/>\n<meta property=\"og:description\" content=\"Pol\u00edtica de privacitat de Barrufet Seafood BARRUFET\u00a0SEAFOOD\u00a0es compromet a fer els seus m\u00e0xims esfor\u00e7os per a complir en tot moment en relaci\u00f3 amb els tractaments de dades que realitzi, amb la legislaci\u00f3 vigent a cada moment en mat\u00e8ria de protecci\u00f3 de dades, actualment el Reglament...\" \/>\n<meta property=\"og:url\" content=\"https:\/\/www.barrufetseafood.com\/ca\/privacy-policy\/\" \/>\n<meta property=\"og:site_name\" content=\"Barrufet Seafood\" \/>\n<meta property=\"article:modified_time\" content=\"2026-02-26T10:42:54+00:00\" \/>\n<meta name=\"twitter:card\" content=\"summary_large_image\" \/>\n<script type=\"application\/ld+json\" class=\"yoast-schema-graph\">{\"@context\":\"https:\\\/\\\/schema.org\",\"@graph\":[{\"@type\":\"WebPage\",\"@id\":\"https:\\\/\\\/www.barrufetseafood.com\\\/ca\\\/privacy-policy\\\/\",\"url\":\"https:\\\/\\\/www.barrufetseafood.com\\\/ca\\\/privacy-policy\\\/\",\"name\":\"Privacitat - Barrufet Seafood\",\"isPartOf\":{\"@id\":\"https:\\\/\\\/www.barrufetseafood.com\\\/ca\\\/#website\"},\"datePublished\":\"2025-10-14T07:46:03+00:00\",\"dateModified\":\"2026-02-26T10:42:54+00:00\",\"breadcrumb\":{\"@id\":\"https:\\\/\\\/www.barrufetseafood.com\\\/ca\\\/privacy-policy\\\/#breadcrumb\"},\"inLanguage\":\"ca\",\"potentialAction\":[{\"@type\":\"ReadAction\",\"target\":[\"https:\\\/\\\/www.barrufetseafood.com\\\/ca\\\/privacy-policy\\\/\"]}]},{\"@type\":\"BreadcrumbList\",\"@id\":\"https:\\\/\\\/www.barrufetseafood.com\\\/ca\\\/privacy-policy\\\/#breadcrumb\",\"itemListElement\":[{\"@type\":\"ListItem\",\"position\":1,\"name\":\"Home\",\"item\":\"https:\\\/\\\/www.barrufetseafood.com\\\/ca\\\/\"},{\"@type\":\"ListItem\",\"position\":2,\"name\":\"Privacitat\"}]},{\"@type\":\"WebSite\",\"@id\":\"https:\\\/\\\/www.barrufetseafood.com\\\/ca\\\/#website\",\"url\":\"https:\\\/\\\/www.barrufetseafood.com\\\/ca\\\/\",\"name\":\"Barrufet Seafood\",\"description\":\"\",\"potentialAction\":[{\"@type\":\"SearchAction\",\"target\":{\"@type\":\"EntryPoint\",\"urlTemplate\":\"https:\\\/\\\/www.barrufetseafood.com\\\/ca\\\/?s={search_term_string}\"},\"query-input\":{\"@type\":\"PropertyValueSpecification\",\"valueRequired\":true,\"valueName\":\"search_term_string\"}}],\"inLanguage\":\"ca\"}]}<\/script>\n<!-- \/ Yoast SEO plugin. -->","yoast_head_json":{"title":"Privacitat - Barrufet Seafood","robots":{"index":"index","follow":"follow","max-snippet":"max-snippet:-1","max-image-preview":"max-image-preview:large","max-video-preview":"max-video-preview:-1"},"canonical":"https:\/\/www.barrufetseafood.com\/ca\/privacy-policy\/","og_locale":"ca_ES","og_type":"article","og_title":"Privacitat - Barrufet Seafood","og_description":"Pol\u00edtica de privacitat de Barrufet Seafood BARRUFET\u00a0SEAFOOD\u00a0es compromet a fer els seus m\u00e0xims esfor\u00e7os per a complir en tot moment en relaci\u00f3 amb els tractaments de dades que realitzi, amb la legislaci\u00f3 vigent a cada moment en mat\u00e8ria de protecci\u00f3 de dades, actualment el Reglament...","og_url":"https:\/\/www.barrufetseafood.com\/ca\/privacy-policy\/","og_site_name":"Barrufet Seafood","article_modified_time":"2026-02-26T10:42:54+00:00","twitter_card":"summary_large_image","schema":{"@context":"https:\/\/schema.org","@graph":[{"@type":"WebPage","@id":"https:\/\/www.barrufetseafood.com\/ca\/privacy-policy\/","url":"https:\/\/www.barrufetseafood.com\/ca\/privacy-policy\/","name":"Privacitat - Barrufet Seafood","isPartOf":{"@id":"https:\/\/www.barrufetseafood.com\/ca\/#website"},"datePublished":"2025-10-14T07:46:03+00:00","dateModified":"2026-02-26T10:42:54+00:00","breadcrumb":{"@id":"https:\/\/www.barrufetseafood.com\/ca\/privacy-policy\/#breadcrumb"},"inLanguage":"ca","potentialAction":[{"@type":"ReadAction","target":["https:\/\/www.barrufetseafood.com\/ca\/privacy-policy\/"]}]},{"@type":"BreadcrumbList","@id":"https:\/\/www.barrufetseafood.com\/ca\/privacy-policy\/#breadcrumb","itemListElement":[{"@type":"ListItem","position":1,"name":"Home","item":"https:\/\/www.barrufetseafood.com\/ca\/"},{"@type":"ListItem","position":2,"name":"Privacitat"}]},{"@type":"WebSite","@id":"https:\/\/www.barrufetseafood.com\/ca\/#website","url":"https:\/\/www.barrufetseafood.com\/ca\/","name":"Barrufet Seafood","description":"","potentialAction":[{"@type":"SearchAction","target":{"@type":"EntryPoint","urlTemplate":"https:\/\/www.barrufetseafood.com\/ca\/?s={search_term_string}"},"query-input":{"@type":"PropertyValueSpecification","valueRequired":true,"valueName":"search_term_string"}}],"inLanguage":"ca"}]}},"_links":{"self":[{"href":"https:\/\/www.barrufetseafood.com\/ca\/wp-json\/wp\/v2\/pages\/1612","targetHints":{"allow":["GET"]}}],"collection":[{"href":"https:\/\/www.barrufetseafood.com\/ca\/wp-json\/wp\/v2\/pages"}],"about":[{"href":"https:\/\/www.barrufetseafood.com\/ca\/wp-json\/wp\/v2\/types\/page"}],"author":[{"embeddable":true,"href":"https:\/\/www.barrufetseafood.com\/ca\/wp-json\/wp\/v2\/users\/1"}],"replies":[{"embeddable":true,"href":"https:\/\/www.barrufetseafood.com\/ca\/wp-json\/wp\/v2\/comments?post=1612"}],"version-history":[{"count":2,"href":"https:\/\/www.barrufetseafood.com\/ca\/wp-json\/wp\/v2\/pages\/1612\/revisions"}],"predecessor-version":[{"id":1636,"href":"https:\/\/www.barrufetseafood.com\/ca\/wp-json\/wp\/v2\/pages\/1612\/revisions\/1636"}],"wp:attachment":[{"href":"https:\/\/www.barrufetseafood.com\/ca\/wp-json\/wp\/v2\/media?parent=1612"}],"curies":[{"name":"wp","href":"https:\/\/api.w.org\/{rel}","templated":true}]}}