{"id":1601,"date":"2025-11-10T09:33:37","date_gmt":"2025-11-10T09:33:37","guid":{"rendered":"https:\/\/www.barrufetseafood.com\/canal-etico\/"},"modified":"2026-02-26T08:27:20","modified_gmt":"2026-02-26T08:27:20","slug":"canal-etico","status":"publish","type":"page","link":"https:\/\/www.barrufetseafood.com\/ca\/canal-etico\/","title":{"rendered":"Canal \u00e8tic"},"content":{"rendered":"\n<h2 class=\"wp-block-heading\">A L&#8217;ATENCI\u00d3 DE TOTA LA PLANTILLA I COL\u00b7LABORADORS DE BARRUFET SEAFOOD S.L.<\/h2>\n\n\n\n<p>Amb la intenci\u00f3 de donar compliment a la normativa vigent en mat\u00e8ria de transpar\u00e8ncia i lluita contra la corrupci\u00f3, l&#8217;empresa ha habilitat una adre\u00e7a de correu electr\u00f2nic en la qual qualsevol persona que tingui const\u00e0ncia o indicis que s&#8217;est\u00e0 cometent una irregularitat, haur\u00e0 de contactar i denunciar aquesta situaci\u00f3.<\/p>\n\n\n\n<p>La den\u00fancia ser\u00e0 an\u00f2nima, amb la intenci\u00f3 de donar protecci\u00f3 a la persona que realitza aquesta den\u00fancia.<\/p>\n\n\n\n<p>\u00c9s molt important que quan tramitem una den\u00fancia, realitzem una explicaci\u00f3 detallada dels fets i facilitem informaci\u00f3 concreta, ja que d&#8217;aquesta manera el receptor de la den\u00fancia podr\u00e0 actuar i activar els canals oportuns en relaci\u00f3 amb el detallat en ella.<\/p>\n\n\n\n<p>Si en algun moment algun treballador\/col\u00b7laborador precisa de m\u00e9s informaci\u00f3 en relaci\u00f3 amb el proc\u00e9s, nom\u00e9s ha d&#8217;escriure al correu electr\u00f2nic i realitzar la consulta necess\u00e0ria.<\/p>\n\n\n\n<p>denuncias@barrufetseafood.com<\/p>\n\n\n\n<p>Agra\u00efm la col\u00b7laboraci\u00f3 de tot el personal.<\/p>\n\n\n\n<p>Dept. RRHH\u00a0Barrufet\u00a0Seafood<\/p>\n","protected":false},"excerpt":{"rendered":"<p>A L&#8217;ATENCI\u00d3 DE TOTA LA PLANTILLA I COL\u00b7LABORADORS DE BARRUFET SEAFOOD S.L. Amb la intenci\u00f3 de donar compliment a la normativa vigent en mat\u00e8ria de transpar\u00e8ncia i lluita contra la corrupci\u00f3, l&#8217;empresa ha habilitat una adre\u00e7a de correu electr\u00f2nic en la qual qualsevol persona que&#8230;<\/p>\n","protected":false},"author":1,"featured_media":0,"parent":0,"menu_order":0,"comment_status":"closed","ping_status":"closed","template":"","meta":{"_acf_changed":false,"footnotes":""},"class_list":["post-1601","page","type-page","status-publish","hentry"],"acf":[],"yoast_head":"<!-- This site is optimized with the Yoast SEO plugin v27.6 - https:\/\/yoast.com\/product\/yoast-seo-wordpress\/ -->\n<title>Canal \u00e8tic - Barrufet Seafood<\/title>\n<meta name=\"robots\" content=\"index, follow, max-snippet:-1, max-image-preview:large, max-video-preview:-1\" \/>\n<link rel=\"canonical\" href=\"https:\/\/www.barrufetseafood.com\/ca\/canal-etico\/\" \/>\n<meta property=\"og:locale\" content=\"ca_ES\" \/>\n<meta property=\"og:type\" content=\"article\" \/>\n<meta property=\"og:title\" content=\"Canal \u00e8tic - Barrufet Seafood\" \/>\n<meta property=\"og:description\" content=\"A L&#8217;ATENCI\u00d3 DE TOTA LA PLANTILLA I COL\u00b7LABORADORS DE BARRUFET SEAFOOD S.L. Amb la intenci\u00f3 de donar compliment a la normativa vigent en mat\u00e8ria de transpar\u00e8ncia i lluita contra la corrupci\u00f3, l&#8217;empresa ha habilitat una adre\u00e7a de correu electr\u00f2nic en la qual qualsevol persona que...\" \/>\n<meta property=\"og:url\" content=\"https:\/\/www.barrufetseafood.com\/ca\/canal-etico\/\" \/>\n<meta property=\"og:site_name\" content=\"Barrufet Seafood\" \/>\n<meta property=\"article:modified_time\" content=\"2026-02-26T08:27:20+00:00\" \/>\n<meta name=\"twitter:card\" content=\"summary_large_image\" \/>\n<meta name=\"twitter:label1\" content=\"Temps estimat de lectura\" \/>\n\t<meta name=\"twitter:data1\" content=\"2 minuts\" \/>\n<script type=\"application\/ld+json\" class=\"yoast-schema-graph\">{\"@context\":\"https:\\\/\\\/schema.org\",\"@graph\":[{\"@type\":\"WebPage\",\"@id\":\"https:\\\/\\\/www.barrufetseafood.com\\\/ca\\\/canal-etico\\\/\",\"url\":\"https:\\\/\\\/www.barrufetseafood.com\\\/ca\\\/canal-etico\\\/\",\"name\":\"Canal \u00e8tic - Barrufet Seafood\",\"isPartOf\":{\"@id\":\"https:\\\/\\\/www.barrufetseafood.com\\\/ca\\\/#website\"},\"datePublished\":\"2025-11-10T09:33:37+00:00\",\"dateModified\":\"2026-02-26T08:27:20+00:00\",\"breadcrumb\":{\"@id\":\"https:\\\/\\\/www.barrufetseafood.com\\\/ca\\\/canal-etico\\\/#breadcrumb\"},\"inLanguage\":\"ca\",\"potentialAction\":[{\"@type\":\"ReadAction\",\"target\":[\"https:\\\/\\\/www.barrufetseafood.com\\\/ca\\\/canal-etico\\\/\"]}]},{\"@type\":\"BreadcrumbList\",\"@id\":\"https:\\\/\\\/www.barrufetseafood.com\\\/ca\\\/canal-etico\\\/#breadcrumb\",\"itemListElement\":[{\"@type\":\"ListItem\",\"position\":1,\"name\":\"Home\",\"item\":\"https:\\\/\\\/www.barrufetseafood.com\\\/ca\\\/\"},{\"@type\":\"ListItem\",\"position\":2,\"name\":\"Canal \u00e8tic\"}]},{\"@type\":\"WebSite\",\"@id\":\"https:\\\/\\\/www.barrufetseafood.com\\\/ca\\\/#website\",\"url\":\"https:\\\/\\\/www.barrufetseafood.com\\\/ca\\\/\",\"name\":\"Barrufet Seafood\",\"description\":\"\",\"potentialAction\":[{\"@type\":\"SearchAction\",\"target\":{\"@type\":\"EntryPoint\",\"urlTemplate\":\"https:\\\/\\\/www.barrufetseafood.com\\\/ca\\\/?s={search_term_string}\"},\"query-input\":{\"@type\":\"PropertyValueSpecification\",\"valueRequired\":true,\"valueName\":\"search_term_string\"}}],\"inLanguage\":\"ca\"}]}<\/script>\n<!-- \/ Yoast SEO plugin. -->","yoast_head_json":{"title":"Canal \u00e8tic - Barrufet Seafood","robots":{"index":"index","follow":"follow","max-snippet":"max-snippet:-1","max-image-preview":"max-image-preview:large","max-video-preview":"max-video-preview:-1"},"canonical":"https:\/\/www.barrufetseafood.com\/ca\/canal-etico\/","og_locale":"ca_ES","og_type":"article","og_title":"Canal \u00e8tic - Barrufet Seafood","og_description":"A L&#8217;ATENCI\u00d3 DE TOTA LA PLANTILLA I COL\u00b7LABORADORS DE BARRUFET SEAFOOD S.L. Amb la intenci\u00f3 de donar compliment a la normativa vigent en mat\u00e8ria de transpar\u00e8ncia i lluita contra la corrupci\u00f3, l&#8217;empresa ha habilitat una adre\u00e7a de correu electr\u00f2nic en la qual qualsevol persona que...","og_url":"https:\/\/www.barrufetseafood.com\/ca\/canal-etico\/","og_site_name":"Barrufet Seafood","article_modified_time":"2026-02-26T08:27:20+00:00","twitter_card":"summary_large_image","twitter_misc":{"Temps estimat de lectura":"2 minuts"},"schema":{"@context":"https:\/\/schema.org","@graph":[{"@type":"WebPage","@id":"https:\/\/www.barrufetseafood.com\/ca\/canal-etico\/","url":"https:\/\/www.barrufetseafood.com\/ca\/canal-etico\/","name":"Canal \u00e8tic - Barrufet Seafood","isPartOf":{"@id":"https:\/\/www.barrufetseafood.com\/ca\/#website"},"datePublished":"2025-11-10T09:33:37+00:00","dateModified":"2026-02-26T08:27:20+00:00","breadcrumb":{"@id":"https:\/\/www.barrufetseafood.com\/ca\/canal-etico\/#breadcrumb"},"inLanguage":"ca","potentialAction":[{"@type":"ReadAction","target":["https:\/\/www.barrufetseafood.com\/ca\/canal-etico\/"]}]},{"@type":"BreadcrumbList","@id":"https:\/\/www.barrufetseafood.com\/ca\/canal-etico\/#breadcrumb","itemListElement":[{"@type":"ListItem","position":1,"name":"Home","item":"https:\/\/www.barrufetseafood.com\/ca\/"},{"@type":"ListItem","position":2,"name":"Canal \u00e8tic"}]},{"@type":"WebSite","@id":"https:\/\/www.barrufetseafood.com\/ca\/#website","url":"https:\/\/www.barrufetseafood.com\/ca\/","name":"Barrufet Seafood","description":"","potentialAction":[{"@type":"SearchAction","target":{"@type":"EntryPoint","urlTemplate":"https:\/\/www.barrufetseafood.com\/ca\/?s={search_term_string}"},"query-input":{"@type":"PropertyValueSpecification","valueRequired":true,"valueName":"search_term_string"}}],"inLanguage":"ca"}]}},"_links":{"self":[{"href":"https:\/\/www.barrufetseafood.com\/ca\/wp-json\/wp\/v2\/pages\/1601","targetHints":{"allow":["GET"]}}],"collection":[{"href":"https:\/\/www.barrufetseafood.com\/ca\/wp-json\/wp\/v2\/pages"}],"about":[{"href":"https:\/\/www.barrufetseafood.com\/ca\/wp-json\/wp\/v2\/types\/page"}],"author":[{"embeddable":true,"href":"https:\/\/www.barrufetseafood.com\/ca\/wp-json\/wp\/v2\/users\/1"}],"replies":[{"embeddable":true,"href":"https:\/\/www.barrufetseafood.com\/ca\/wp-json\/wp\/v2\/comments?post=1601"}],"version-history":[{"count":1,"href":"https:\/\/www.barrufetseafood.com\/ca\/wp-json\/wp\/v2\/pages\/1601\/revisions"}],"predecessor-version":[{"id":1605,"href":"https:\/\/www.barrufetseafood.com\/ca\/wp-json\/wp\/v2\/pages\/1601\/revisions\/1605"}],"wp:attachment":[{"href":"https:\/\/www.barrufetseafood.com\/ca\/wp-json\/wp\/v2\/media?parent=1601"}],"curies":[{"name":"wp","href":"https:\/\/api.w.org\/{rel}","templated":true}]}}