{"id":1594,"date":"2025-11-10T09:33:22","date_gmt":"2025-11-10T09:33:22","guid":{"rendered":"https:\/\/www.barrufetseafood.com\/aviso-legal\/"},"modified":"2026-02-26T10:39:57","modified_gmt":"2026-02-26T10:39:57","slug":"aviso-legal","status":"publish","type":"page","link":"https:\/\/www.barrufetseafood.com\/ca\/aviso-legal\/","title":{"rendered":"Av\u00eds legal"},"content":{"rendered":"\n<h2 class=\"wp-block-heading\">TITULARITAT DEL PORTAL<\/h2>\n\n\n\n<p>BARRUFET&nbsp;SEAFOOD, S.L. \u00e9s el Titular del portal web&nbsp;info@barrufetseafood.com&nbsp;(d&#8217;ara endavant, el Portal). El seu domicili es troba a Mercabarna&nbsp;Barcelona, Longitudinal 8 no. 101 i est\u00e0 prove\u00efda de CIF B-65.728.651.<br>Les dades registrals del Titular s\u00f3n: Registre Mercantil de Barcelona, Tom 43024, Fulla B418270, foli 26.&nbsp;<br>Pot posar-se en contacte amb el Titular del Portal a trav\u00e9s del seg\u00fcent e-mail:&nbsp;info@barrufetseafood.com&nbsp;<br>El nom de domini&nbsp;BARRUFET&nbsp;CONGELAT a trav\u00e9s del que s&#8217;accedeix al present Portal \u00e9s titularitat de&nbsp;BARRUFET&nbsp;SEAFOOD, S.L. estant prohibida la seva utilitzaci\u00f3 en connexi\u00f3 amb continguts, productes o serveis que no siguin titularitat de&nbsp;BARRUFET&nbsp;SEAFOOD&nbsp;que pugui causar confusi\u00f3 entre els usuaris finals o el descr\u00e8dit de&nbsp;BARRUFET&nbsp;SEAFOOD.<\/p>\n\n\n\n<h2 class=\"wp-block-heading\">OBJECTE<\/h2>\n\n\n\n<p>El present Av\u00eds Legal t\u00e9 per objecte establir les Condicions Generals que regulen l&#8217;acc\u00e9s, navegaci\u00f3 i \u00fas del citat Portal per part de tots els Usuaris. Si l&#8217;Usuari no est\u00e0 d&#8217;acord amb aquestes, no tindr\u00e0 dret a utilitzar el lloc web de&nbsp;BARRUFET&nbsp;SEAFOOD.<br>El fet d&#8217;accedir al present Portal suposa el coneixement i acceptaci\u00f3 \u00edntegra per part de l&#8217;usuari dels termes i condicions d&#8217;\u00fas del Portal, en la versi\u00f3 publicada en el moment en qu\u00e8 s&#8217;accedeixi al lloc web.<\/p>\n\n\n\n<p>En aquest sentit,&nbsp;BARRUFET&nbsp;SEAFOOD&nbsp;es reserva el dret de modificar o actualitzar, en qualsevol moment, les presents condicions d&#8217;\u00fas del Portal i, en general, els elements que integren el disseny i la configuraci\u00f3 del Portal. Per aix\u00f2,&nbsp;BARRUFET&nbsp;SEAFOOD&nbsp;recomana als Usuaris que lligen detingudament les presents condicions d&#8217;\u00fas del Portal cada vegada que accedeixin al Portal.&nbsp; &nbsp;<br>En cas que a trav\u00e9s del Portal s&#8217;ofereixi la utilitzaci\u00f3, prestaci\u00f3 i\/o contractaci\u00f3 de productes o serveis, el fet de ser utilitzats i\/o sol\u00b7licitats per l&#8217;Usuari implicar\u00e0 l&#8217;acceptaci\u00f3 sense reserves de les condicions particulars que, si \u00e9s el cas, hagin sigut establides a aquest efecte, i que formaran part integrant del present Av\u00eds Legal.<\/p>\n\n\n\n<p>BARRUFET&nbsp;SEAFOOD&nbsp;tamb\u00e9 es reserva la facultat de poder oferir determinats productes i\/o serveis exclusivament als Usuaris registrats a trav\u00e9s del Portal i que acceptin expressament les condicions particulars que siguin aplicables.<br><br>Aix\u00ed mateix,&nbsp;BARRUFET&nbsp;SEAFOOD&nbsp;es reserva la facultat de donar per acabat, suspendre o interrompre, en qualsevol moment i sense necessitat de preav\u00eds, l&#8217;acc\u00e9s als productes, serveis i\/o Continguts del Portal, aix\u00ed com la configuraci\u00f3 mateixa del Portal, prestacions, productes, serveis i Continguts, sense possibilitat per part de l&#8217;Usuari de reclamar ni exigir cap indemnitzaci\u00f3; en particular, amb motiu d&#8217;operacions de manteniment, reparaci\u00f3, actualitzaci\u00f3, millora i\/o adequaci\u00f3 a canvis t\u00e8cnics, operatius i\/o legals. Despr\u00e9s d&#8217;aquesta terminaci\u00f3, continuaran vigents les prohibicions, restriccions i limitacions contingudes en el present Av\u00eds Legal i\/o en qualssevol condicions particulars que siguin aplicables.<\/p>\n\n\n\n<h2 class=\"wp-block-heading\">ACC\u00c9S I \u00daS DEL PORTAL<\/h2>\n\n\n\n<p>L&#8217;Usuari declara que disposa de la capacitat legal necess\u00e0ria per a vincular-se per aquest acord i per a utilitzar aquest Portal de conformitat amb les Condicions Generals d&#8217;\u00fas aqu\u00ed enunciades, que ent\u00e9n i compr\u00e9n \u00edntegrament.<br>El mer acc\u00e9s al Portal, l&#8217;\u00fas dels continguts oferits en aquest, aix\u00ed com l&#8217;emplenament de formularis, l&#8217;enviament de sol\u00b7licituds d&#8217;informaci\u00f3 i, en general, qualsevol acte de naturalesa similar als anteriors implicar\u00e0, per part dels qui naveguen en el Portal, l&#8217;adquisici\u00f3 de la consideraci\u00f3 d&#8217;Usuari i l&#8217;acceptaci\u00f3, sense reserves, de totes i cadascuna de les normes integrants del present Av\u00eds Legal.<\/p>\n\n\n\n<p>L&#8217;Usuari declara aix\u00ed mateix que tota la informaci\u00f3 subministrada per ell en el curs de la utilitzaci\u00f3 d&#8217;aquest Portal \u00e9s verdadera, completa i precisa.&nbsp; &nbsp; &nbsp;<br>En tot cas, l&#8217;acc\u00e9s, navegaci\u00f3 i \u00fas del Portal es fa sota l&#8217;\u00fanica i exclusiva responsabilitat de l&#8217;Usuari, per la qual cosa aquest es compromet a observar diligent i fidelment qualsevol instrucci\u00f3 addicional relativa a l&#8217;\u00fas del Portal i els seus continguts. En aquest sentit, l&#8217;Usuari s&#8217;obliga a usar els continguts del Portal de manera diligent, correcta i l\u00edcita, de conformitat amb la legislaci\u00f3 vigent i, en particular, es compromet a abstindre&#8217;s de:&nbsp;<br>Utilitzar-los amb finalitats o efectes contraris a la llei, a la moral, als bons costums generalment acceptades o a l&#8217;ordre p\u00fablic i a les instruccions rebudes del Titular.<br>Utilitzar-los amb finalitats lesives dels leg\u00edtims drets de tercers.<br>Emprar els continguts i, en particular, la informaci\u00f3 de qualsevol classe obtinguda a trav\u00e9s del Portal per a remetre publicitat, comunicacions amb finalitats de venda directa o amb qualsevol altra classe de finalitat comercial, missatges no sol\u00b7licitats dirigits a una pluralitat de persones amb independ\u00e8ncia de la seva finalitat, aix\u00ed com abstindre&#8217;s de comercialitzar o divulgar de qualsevol manera aquesta informaci\u00f3.<\/p>\n\n\n\n<h2 class=\"wp-block-heading\">PROPIETAT INTEL\u00b7LECTUAL I INDUSTRIAL<\/h2>\n\n\n\n<p>Els continguts del Portal, entenent per aquests a t\u00edtol merament enunciatiu i no exhaustiu els textos, les fotografies, els gr\u00e0fics, les imatges, les icones, la tecnologia, l&#8217;estructura de navegaci\u00f3, el programari, continguts audiovisuals o sonors, el disseny gr\u00e0fic i els codis font, els \u00edndexs, les marques, logotips, expressions i informacions i, en general, qualsevol altra creaci\u00f3 protegida per les normes nacionals i tractats internacionals sobre propietat intel\u00b7lectual i industrial (d&#8217;ara endavant els continguts) s\u00f3n propietat intel\u00b7lectual de&nbsp;BARRUFET&nbsp;SEAFOOD&nbsp;o de tercers, dels quals&nbsp;BARRUFET&nbsp;SEAFOOD&nbsp;ha obtingut la corresponent llic\u00e8ncia.&nbsp;<br>Queden reservats tots els drets de propietat intel\u00b7lectual i industrial sobre els Continguts donant lloc a responsabilitats l&#8217;\u00fas, explotaci\u00f3 o utilitzaci\u00f3 no autoritzada dels continguts.&nbsp;<br>Tamb\u00e9 est\u00e0 prohibit l&#8217;\u00fas de les marques, noms comercials o signes distintius titularitat de&nbsp;BARRUFET&nbsp;SEAFOOD&nbsp;o de tercers, sense el previ consentiment per escrit del seu Titular.<\/p>\n\n\n\n<p>RESPONSABILITATS DEL TITULAR DEL PORTAL<\/p>\n\n\n\n<p>BARRUFET&nbsp;SEAFOOD&nbsp;declara que ha adoptat totes les mesures necess\u00e0ries i raonables, dins de les seves possibilitats i de l&#8217;estat de la tecnologia, per a garantir el funcionament del Portal i evitar l&#8217;exist\u00e8ncia i\/o transmissi\u00f3 de virus i altres components nocius als Usuaris.<br>Aix\u00ed mateix&nbsp;BARRUFET&nbsp;SEAFOOD&nbsp;posar\u00e0 tots els mitjans raonables a la seva disposici\u00f3 per a comprovar la veracitat, exactitud, adequaci\u00f3, idone\u00eftat, exhaustivitat i actualitat de la informaci\u00f3 i continguts subministrats en el Portal.<\/p>\n\n\n\n<h2 class=\"wp-block-heading\">EXCLUSI\u00d3 DE GARANTIES<\/h2>\n\n\n\n<p>L&#8217;Usuari reconeix i accepta expressament que&nbsp;BARRUFET&nbsp;SEAFOOD&nbsp;no atorga cap garantia de qualsevol tipus, ja sigui expressa o impl\u00edcita, sobre la fiabilitat, utilitat o exactitud de la informaci\u00f3 publicada i\/o subministrada en el Portal en relaci\u00f3 amb els productes i\/o serveis de&nbsp;BARRUFET&nbsp;SEAFOOD.<\/p>\n\n\n\n<p>En particular,&nbsp;BARRUFET&nbsp;SEAFOOD&nbsp;no garanteix ni es fa responsable de:&nbsp;<br>1. La falta de disponibilitat o accessibilitat del Portal o de continu\u00eftat dels continguts del Portal;&nbsp;<br>2. L&#8217;exist\u00e8ncia d&#8217;interrupcions, errors en l&#8217;acc\u00e9s al Portal o mal funcionament del Portal, aix\u00ed com problemes t\u00e8cnics o fallades que es produeixin durant la connexi\u00f3 a Internet;<br>3. L&#8217;abs\u00e8ncia de virus i altres elements inform\u00e0tics nocius en el Portal o servidor que el subministra; Correspon a l&#8217;Usuari, si \u00e9s el cas, la disponibilitat de mitjans adequats per a la detecci\u00f3 o desinfecci\u00f3 de programes inform\u00e0tics nocius.&nbsp;<br>4. La invulnerabilitat del Portal i de les mesures de seguretat que s&#8217;adopten en aquest;<br>5. La inexist\u00e8ncia d&#8217;errors en els continguts;<br>6. L&#8217;adequaci\u00f3 per a un prop\u00f2sit o fi particular del Portal i de la informaci\u00f3 publicada i\/o subministrada en relaci\u00f3 amb els productes o serveis de&nbsp;BARRUFET&nbsp;SEAFOOD;<br>7. Les decisions preses a partir de la informaci\u00f3 subministrada en el Portal, ni dels danys i perjudicis per a l&#8217;Usuari o per a tercers en motiu d&#8217;actuacions que tinguin com a \u00fanic fonament la informaci\u00f3 obtinguda en el portal.&nbsp;<br>8. Dels danys produ\u00efts en els equips inform\u00e0tics dels usuaris o de tercers durant la prestaci\u00f3 del servei del Portal.&nbsp;<br>Qualssevol altres danys que si \u00e9s el cas poguessin causar-se per funcionament defectu\u00f3s del Portal.<\/p>\n\n\n\n<h2 class=\"wp-block-heading\">ENLLA\u00c7OS\u00a0A ALTRES P\u00c0GINES WEB<\/h2>\n\n\n\n<p>El Titular pot oferir en el seu Portal enlla\u00e7os, directament o indirectament, a recursos o p\u00e0gines web d&#8217;Internet que es troben fora del Portal. En cap cas aquests enlla\u00e7os han de pressuposar que existeixin acords amb els seus responsables, ni la recomanaci\u00f3 de&nbsp;BARRUFET&nbsp;SEAFOOD&nbsp;a la contractaci\u00f3 de productes i\/o serveis que s&#8217;ofereixin.<br>El Titular no t\u00e9 facultat ni mitjans humans ni t\u00e8cnics per a con\u00e9ixer, controlar ni aprovar tota la informaci\u00f3, continguts, productes o serveis facilitats per altres p\u00e0gines web a les quals es puguin establir enlla\u00e7os des del Portal. En conseq\u00fc\u00e8ncia, el Titular no podr\u00e0 assumir cap mena de responsabilitat per qualsevol aspecte relatiu a les p\u00e0gina web a les quals es pogu\u00e9s establir un enlla\u00e7 des del Portal, en concret, a t\u00edtol enunciatiu i no taxatiu, sobre el seu funcionament, acc\u00e9s, dades, informaci\u00f3, arxius, qualitat i fiabilitat dels seus productes i serveis, els seus propis enlla\u00e7os i\/o qualsevol dels seus continguts, en general.<\/p>\n\n\n\n<h2 class=\"wp-block-heading\">ENLLA\u00c7OS AMB DESTINACI\u00d3 AL PORTAL&nbsp;info@barrufetseafood.com&nbsp;<\/h2>\n\n\n\n<p>Per al cas que qualsevol Usuari, entitat o p\u00e0gina web desitg\u00e9s establir algun tipus d&#8217;enlla\u00e7 amb destinaci\u00f3 al Portal, amb prioritat a realitzar aquest enlla\u00e7 haur\u00e0 d&#8217;obtindre una autoritzaci\u00f3 expressa i per escrit del Titular i l&#8217;enlla\u00e7 haur\u00e0 de ser absolut i complet, en el sentit que es realitzi a la p\u00e0gina principal del Portal, abastant tota l&#8217;extensi\u00f3 de la p\u00e0gina principal. &nbsp;<br>En el cas que l&#8217;entitat que realitz\u00e9s l&#8217;enlla\u00e7 des de la seva p\u00e0gina web al Portal&nbsp;info@barrufetseafood.com&nbsp;tamb\u00e9 desitg\u00e9s incloure en la seva p\u00e0gina web la marca, denominaci\u00f3, nom comercial, r\u00e8tol, logotip, o qualsevol altre signe identificatiu del Titular i\/o del Portal, necessitar\u00e0 la pr\u00e8via autoritzaci\u00f3 expressa i per escrit de&nbsp;BARRUFET&nbsp;SEAFOOD.<\/p>\n\n\n\n<h2 class=\"wp-block-heading\">NUL\u00b7LITAT<\/h2>\n\n\n\n<p>En el cas que qualsevol disposici\u00f3 d&#8217;aquest Av\u00eds Legal fos considerada nul\u00b7la, \u00edntegrament o en part, aquesta nul\u00b7litat o inaplicaci\u00f3 no afectar\u00e0 a les altres disposicions de l&#8217;Av\u00eds Legal ni a les condicions particulars que, si \u00e9s el cas, hagin pogut ser establides.<br>En el cas que el Titular del portal no exerc\u00eds qualsevol dret o acci\u00f3 reconeguda en aquest Av\u00eds Legal, aix\u00f2 no constituir\u00e0 una ren\u00fancia a aquest, excepte reconeixement i acord que haur\u00e0 de ser per escrit de la seva part.<\/p>\n\n\n\n<h2 class=\"wp-block-heading\">LEGISLACI\u00d3 APLICABLE I TRIBUNALS COMPETENTS<\/h2>\n\n\n\n<p>El present Av\u00eds Legal es regir\u00e0 per la normativa espanyola.&nbsp;<br>Per a la resoluci\u00f3 de qualsevol conflicte que pogu\u00e9s derivar-se de l&#8217;acc\u00e9s al Portal, l&#8217;Usuari i el Titular del Portal amb ren\u00fancia expressa a qualsevol altre fur, acorden sotmetre&#8217;s expressament als Jutjats i Tribunals de la ciutat de Barcelona.<\/p>\n","protected":false},"excerpt":{"rendered":"<p>TITULARITAT DEL PORTAL BARRUFET&nbsp;SEAFOOD, S.L. \u00e9s el Titular del portal web&nbsp;info@barrufetseafood.com&nbsp;(d&#8217;ara endavant, el Portal). El seu domicili es troba a Mercabarna&nbsp;Barcelona, Longitudinal 8 no. 101 i est\u00e0 prove\u00efda de CIF B-65.728.651.Les dades registrals del Titular s\u00f3n: Registre Mercantil de Barcelona, Tom 43024, Fulla B418270, foli&#8230;<\/p>\n","protected":false},"author":1,"featured_media":0,"parent":0,"menu_order":0,"comment_status":"closed","ping_status":"closed","template":"","meta":{"_acf_changed":false,"footnotes":""},"class_list":["post-1594","page","type-page","status-publish","hentry"],"acf":[],"yoast_head":"<!-- This site is optimized with the Yoast SEO plugin v27.6 - https:\/\/yoast.com\/product\/yoast-seo-wordpress\/ -->\n<title>Av\u00eds legal - Barrufet Seafood<\/title>\n<meta name=\"robots\" content=\"index, follow, max-snippet:-1, max-image-preview:large, max-video-preview:-1\" \/>\n<link rel=\"canonical\" href=\"https:\/\/www.barrufetseafood.com\/ca\/aviso-legal\/\" \/>\n<meta property=\"og:locale\" content=\"ca_ES\" \/>\n<meta property=\"og:type\" content=\"article\" \/>\n<meta property=\"og:title\" content=\"Av\u00eds legal - Barrufet Seafood\" \/>\n<meta property=\"og:description\" content=\"TITULARITAT DEL PORTAL BARRUFET&nbsp;SEAFOOD, S.L. \u00e9s el Titular del portal web&nbsp;info@barrufetseafood.com&nbsp;(d&#8217;ara endavant, el Portal). El seu domicili es troba a Mercabarna&nbsp;Barcelona, Longitudinal 8 no. 101 i est\u00e0 prove\u00efda de CIF B-65.728.651.Les dades registrals del Titular s\u00f3n: Registre Mercantil de Barcelona, Tom 43024, Fulla B418270, foli...\" \/>\n<meta property=\"og:url\" content=\"https:\/\/www.barrufetseafood.com\/ca\/aviso-legal\/\" \/>\n<meta property=\"og:site_name\" content=\"Barrufet Seafood\" \/>\n<meta property=\"article:modified_time\" content=\"2026-02-26T10:39:57+00:00\" \/>\n<meta name=\"twitter:card\" content=\"summary_large_image\" \/>\n<meta name=\"twitter:label1\" content=\"Temps estimat de lectura\" \/>\n\t<meta name=\"twitter:data1\" content=\"8 minuts\" \/>\n<script type=\"application\/ld+json\" class=\"yoast-schema-graph\">{\"@context\":\"https:\\\/\\\/schema.org\",\"@graph\":[{\"@type\":\"WebPage\",\"@id\":\"https:\\\/\\\/www.barrufetseafood.com\\\/ca\\\/aviso-legal\\\/\",\"url\":\"https:\\\/\\\/www.barrufetseafood.com\\\/ca\\\/aviso-legal\\\/\",\"name\":\"Av\u00eds legal - Barrufet Seafood\",\"isPartOf\":{\"@id\":\"https:\\\/\\\/www.barrufetseafood.com\\\/ca\\\/#website\"},\"datePublished\":\"2025-11-10T09:33:22+00:00\",\"dateModified\":\"2026-02-26T10:39:57+00:00\",\"breadcrumb\":{\"@id\":\"https:\\\/\\\/www.barrufetseafood.com\\\/ca\\\/aviso-legal\\\/#breadcrumb\"},\"inLanguage\":\"ca\",\"potentialAction\":[{\"@type\":\"ReadAction\",\"target\":[\"https:\\\/\\\/www.barrufetseafood.com\\\/ca\\\/aviso-legal\\\/\"]}]},{\"@type\":\"BreadcrumbList\",\"@id\":\"https:\\\/\\\/www.barrufetseafood.com\\\/ca\\\/aviso-legal\\\/#breadcrumb\",\"itemListElement\":[{\"@type\":\"ListItem\",\"position\":1,\"name\":\"Home\",\"item\":\"https:\\\/\\\/www.barrufetseafood.com\\\/ca\\\/\"},{\"@type\":\"ListItem\",\"position\":2,\"name\":\"Av\u00eds legal\"}]},{\"@type\":\"WebSite\",\"@id\":\"https:\\\/\\\/www.barrufetseafood.com\\\/ca\\\/#website\",\"url\":\"https:\\\/\\\/www.barrufetseafood.com\\\/ca\\\/\",\"name\":\"Barrufet Seafood\",\"description\":\"\",\"potentialAction\":[{\"@type\":\"SearchAction\",\"target\":{\"@type\":\"EntryPoint\",\"urlTemplate\":\"https:\\\/\\\/www.barrufetseafood.com\\\/ca\\\/?s={search_term_string}\"},\"query-input\":{\"@type\":\"PropertyValueSpecification\",\"valueRequired\":true,\"valueName\":\"search_term_string\"}}],\"inLanguage\":\"ca\"}]}<\/script>\n<!-- \/ Yoast SEO plugin. -->","yoast_head_json":{"title":"Av\u00eds legal - Barrufet Seafood","robots":{"index":"index","follow":"follow","max-snippet":"max-snippet:-1","max-image-preview":"max-image-preview:large","max-video-preview":"max-video-preview:-1"},"canonical":"https:\/\/www.barrufetseafood.com\/ca\/aviso-legal\/","og_locale":"ca_ES","og_type":"article","og_title":"Av\u00eds legal - Barrufet Seafood","og_description":"TITULARITAT DEL PORTAL BARRUFET&nbsp;SEAFOOD, S.L. \u00e9s el Titular del portal web&nbsp;info@barrufetseafood.com&nbsp;(d&#8217;ara endavant, el Portal). El seu domicili es troba a Mercabarna&nbsp;Barcelona, Longitudinal 8 no. 101 i est\u00e0 prove\u00efda de CIF B-65.728.651.Les dades registrals del Titular s\u00f3n: Registre Mercantil de Barcelona, Tom 43024, Fulla B418270, foli...","og_url":"https:\/\/www.barrufetseafood.com\/ca\/aviso-legal\/","og_site_name":"Barrufet Seafood","article_modified_time":"2026-02-26T10:39:57+00:00","twitter_card":"summary_large_image","twitter_misc":{"Temps estimat de lectura":"8 minuts"},"schema":{"@context":"https:\/\/schema.org","@graph":[{"@type":"WebPage","@id":"https:\/\/www.barrufetseafood.com\/ca\/aviso-legal\/","url":"https:\/\/www.barrufetseafood.com\/ca\/aviso-legal\/","name":"Av\u00eds legal - Barrufet Seafood","isPartOf":{"@id":"https:\/\/www.barrufetseafood.com\/ca\/#website"},"datePublished":"2025-11-10T09:33:22+00:00","dateModified":"2026-02-26T10:39:57+00:00","breadcrumb":{"@id":"https:\/\/www.barrufetseafood.com\/ca\/aviso-legal\/#breadcrumb"},"inLanguage":"ca","potentialAction":[{"@type":"ReadAction","target":["https:\/\/www.barrufetseafood.com\/ca\/aviso-legal\/"]}]},{"@type":"BreadcrumbList","@id":"https:\/\/www.barrufetseafood.com\/ca\/aviso-legal\/#breadcrumb","itemListElement":[{"@type":"ListItem","position":1,"name":"Home","item":"https:\/\/www.barrufetseafood.com\/ca\/"},{"@type":"ListItem","position":2,"name":"Av\u00eds legal"}]},{"@type":"WebSite","@id":"https:\/\/www.barrufetseafood.com\/ca\/#website","url":"https:\/\/www.barrufetseafood.com\/ca\/","name":"Barrufet Seafood","description":"","potentialAction":[{"@type":"SearchAction","target":{"@type":"EntryPoint","urlTemplate":"https:\/\/www.barrufetseafood.com\/ca\/?s={search_term_string}"},"query-input":{"@type":"PropertyValueSpecification","valueRequired":true,"valueName":"search_term_string"}}],"inLanguage":"ca"}]}},"_links":{"self":[{"href":"https:\/\/www.barrufetseafood.com\/ca\/wp-json\/wp\/v2\/pages\/1594","targetHints":{"allow":["GET"]}}],"collection":[{"href":"https:\/\/www.barrufetseafood.com\/ca\/wp-json\/wp\/v2\/pages"}],"about":[{"href":"https:\/\/www.barrufetseafood.com\/ca\/wp-json\/wp\/v2\/types\/page"}],"author":[{"embeddable":true,"href":"https:\/\/www.barrufetseafood.com\/ca\/wp-json\/wp\/v2\/users\/1"}],"replies":[{"embeddable":true,"href":"https:\/\/www.barrufetseafood.com\/ca\/wp-json\/wp\/v2\/comments?post=1594"}],"version-history":[{"count":4,"href":"https:\/\/www.barrufetseafood.com\/ca\/wp-json\/wp\/v2\/pages\/1594\/revisions"}],"predecessor-version":[{"id":1630,"href":"https:\/\/www.barrufetseafood.com\/ca\/wp-json\/wp\/v2\/pages\/1594\/revisions\/1630"}],"wp:attachment":[{"href":"https:\/\/www.barrufetseafood.com\/ca\/wp-json\/wp\/v2\/media?parent=1594"}],"curies":[{"name":"wp","href":"https:\/\/api.w.org\/{rel}","templated":true}]}}